{"id":112,"date":"2016-06-29T18:07:13","date_gmt":"2016-06-29T16:07:13","guid":{"rendered":"http:\/\/www.edulearn.at\/wp\/?page_id=112"},"modified":"2016-08-19T15:08:41","modified_gmt":"2016-08-19T13:08:41","slug":"arbeitsplatz-browser","status":"publish","type":"page","link":"https:\/\/www.edulearn.at\/wp\/?page_id=112","title":{"rendered":"Arbeitsplatz Browser"},"content":{"rendered":"<p>Zur Arbeit mit GAFE (Google Apps for Education) braucht es alleine einen Internet-Browser. Die beste Funktionalit\u00e4t bei der Arbeit mit Google Apps bietet <a href=\"https:\/\/www.google.de\/chrome\/browser\/desktop\/\" target=\"_blank\">Google Chrome<\/a>, gefolgt von <a href=\"https:\/\/vivaldi.com\/?lang=de\" target=\"_blank\">Vivaldi<\/a> und <a href=\"https:\/\/www.mozilla.org\/de\/firefox\/\" target=\"_blank\">Mozilla Firefox<\/a>. Wird der Browser im sog. &#8222;<strong>Inkognito-Fenster<\/strong>&#8220; bzw. &#8222;<strong>Privates Fenster<\/strong>&#8220; ge\u00f6ffnet, dann werden Verlauf, Historie und Cookies beim Schlie\u00dfen des Fensters automatisch gel\u00f6scht, Downloads sowie Lesezeichen bleiben erhalten.<\/p>\n<p>Mit Erweiterungen lassen sich mache Aufgaben im Browser komfortabler l\u00f6sen.<\/p>\n<ul>\n<li>Empfohlene <a href=\"http:\/\/www.edulearn.at\/wp\/?page_id=163\">Erweiterungen<\/a> f\u00fcr Google Chrome<\/li>\n<li><a href=\"http:\/\/www.edulearn.at\/wp\/?page_id=168\" target=\"_blank\">Add-ons<\/a> f\u00fcr Mozilla Firefox<\/li>\n<\/ul>\n","protected":false},"excerpt":{"rendered":"<p>Zur Arbeit mit GAFE (Google Apps for Education) braucht es alleine einen Internet-Browser. Die beste Funktionalit\u00e4t bei der Arbeit mit Google Apps bietet Google Chrome,<a class=\"more-link\" href=\"https:\/\/www.edulearn.at\/wp\/?page_id=112\"><\/p>\n<div class=\"paraswift-btn continue-reading\">Read More<\/div>\n<p><\/a><\/p>\n","protected":false},"author":1,"featured_media":0,"parent":0,"menu_order":0,"comment_status":"closed","ping_status":"closed","template":"","meta":{"footnotes":""},"class_list":["post-112","page","type-page","status-publish","hentry"],"amp_enabled":true,"_links":{"self":[{"href":"https:\/\/www.edulearn.at\/wp\/index.php?rest_route=\/wp\/v2\/pages\/112","targetHints":{"allow":["GET"]}}],"collection":[{"href":"https:\/\/www.edulearn.at\/wp\/index.php?rest_route=\/wp\/v2\/pages"}],"about":[{"href":"https:\/\/www.edulearn.at\/wp\/index.php?rest_route=\/wp\/v2\/types\/page"}],"author":[{"embeddable":true,"href":"https:\/\/www.edulearn.at\/wp\/index.php?rest_route=\/wp\/v2\/users\/1"}],"replies":[{"embeddable":true,"href":"https:\/\/www.edulearn.at\/wp\/index.php?rest_route=%2Fwp%2Fv2%2Fcomments&post=112"}],"version-history":[{"count":18,"href":"https:\/\/www.edulearn.at\/wp\/index.php?rest_route=\/wp\/v2\/pages\/112\/revisions"}],"predecessor-version":[{"id":238,"href":"https:\/\/www.edulearn.at\/wp\/index.php?rest_route=\/wp\/v2\/pages\/112\/revisions\/238"}],"wp:attachment":[{"href":"https:\/\/www.edulearn.at\/wp\/index.php?rest_route=%2Fwp%2Fv2%2Fmedia&parent=112"}],"curies":[{"name":"wp","href":"https:\/\/api.w.org\/{rel}","templated":true}]}}