{"id":126,"date":"2016-06-30T09:44:55","date_gmt":"2016-06-30T07:44:55","guid":{"rendered":"http:\/\/www.edulearn.at\/wp\/?page_id=126"},"modified":"2023-10-06T14:25:41","modified_gmt":"2023-10-06T12:25:41","slug":"textverarbeitung","status":"publish","type":"page","link":"https:\/\/www.edulearn.at\/wp\/?page_id=126","title":{"rendered":"Textverarbeitung"},"content":{"rendered":"<h4><strong>ZIELE<\/strong> (aus den<a href=\"http:\/\/www.ecdl.at\/de\/downloads-ecdl\" target=\"_blank\" rel=\"noopener\"> ECDL Lernzielkatalogen<\/a> der <a href=\"https:\/\/www.ocg.at\/\" target=\"_blank\" rel=\"noopener\">OCG<\/a>)<\/h4>\n<h4>Adaptierte \u00dcbungsdateien von <a href=\"http:\/\/www.easy4me.info\/\" target=\"_blank\" rel=\"noopener\">easy4me<\/a><\/h4>\n<p>Die Kandidatinnen und Kandidaten sollen<\/p>\n<ul>\n<li>mit Dokumenten arbeiten und sie in verschiedenen Dateiformaten speichern k\u00f6nnen\n<pre><a href=\"http:\/\/www.edulearn.at\/wp\/?page_id=243#Dateikopie\">Dokument speichern - Screencast<\/a>\n<a href=\"https:\/\/docs.google.com\/document\/d\/10SLjZ2_uGMonyrnPmQUc4Wxj2pLo18-OFpw-VDy5NJU\/copy\" target=\"_blank\" rel=\"noopener\">Dokument speichern - \u00dcbung<\/a><\/pre>\n<\/li>\n<li>integrierte Funktionen zur Steigerung der Produktivit\u00e4t einsetzen k\u00f6nnen<\/li>\n<li>kurze Dokumente in einem Textverarbeitungsprogramm so erstellen und bearbeiten k\u00f6nnen, dass sie fertig zur Weitergabe sind<br \/>\n<strong><span style=\"color: #ff0000;\">Steuerzeichen &#8211; wie Leerzeichen &#8211; k\u00f6nnen mittlerweile in Google Docs angezeigt werden!<br \/>\nMen\u00fc: Ansicht \u2192 Nicht druckbare Zeichen anzeigen<br \/>\n<\/span><\/strong><\/p>\n<pre><a href=\"https:\/\/docs.google.com\/document\/d\/1P642yTARmncMXDG5fPKch7rOoo5zwPZldHesAtDplJI\/copy\" target=\"_blank\" rel=\"noopener\">Leerzeichen einf\u00fcgen - \u00dcbung\n<\/a><a href=\"https:\/\/docs.google.com\/document\/d\/1wVYt5FQdCjLJGzynvmiypwHDbueNXeXcGKmuHhszqwM\/copy\" target=\"_blank\" rel=\"noopener\">Leerzeichen setzen - \u00dcbung<\/a><\/pre>\n<\/li>\n<li>unterschiedliche Formatierungen zur Verbesserung der Qualit\u00e4t von Dokumenten anwenden k\u00f6nnen und diese nach den Richtlinien f\u00fcr gute Praxis anwenden\n<pre><a href=\"https:\/\/docs.google.com\/document\/d\/1W42267nM5v9_Z6kRo8Cg5X1TcKNqS2tEFoiYugbGTMw\/copy\" target=\"_blank\" rel=\"noopener\">Zeichenformatierung - \u00dcbung\n<\/a><a href=\"https:\/\/docs.google.com\/document\/d\/1Mu4_gygGH-Zup9Y08zFtthu-oEfDiyMKTpelDHoTP_4\/copy\" target=\"_blank\" rel=\"noopener\">Absatzformatierung - \u00dcbung\n<\/a><a href=\"https:\/\/docs.google.com\/document\/d\/16sCrFQsCtBCXyDs6PaZZ-ojCZg5L-NzJ6Zy6LhyigEk\/copy\" target=\"_blank\" rel=\"noopener\">Zusatz\u00fcbungen<\/a><\/pre>\n<\/li>\n<\/ul>\n<ul>\n<li>Tabellen, Bilder und gezeichnete Objekte in ein Dokument einf\u00fcgen k\u00f6nnen\n<pre><a href=\"https:\/\/docs.google.com\/document\/d\/1oDMuxM5up80y8cnH89Snj7k3ozl1jt7uegwAoUS7kgU\/copy\" target=\"_blank\" rel=\"noopener\">Grafik formatieren - \u00dcbung<\/a><\/pre>\n<\/li>\n<li>die Seiteneinrichtung des Dokuments anpassen und die Rechtschreibung vor dem endg\u00fcltigen Ausdruck kontrollieren und verbessern k\u00f6nnen<\/li>\n<\/ul>\n","protected":false},"excerpt":{"rendered":"<p>ZIELE (aus den ECDL Lernzielkatalogen der OCG) Adaptierte \u00dcbungsdateien von easy4me Die Kandidatinnen und Kandidaten sollen mit Dokumenten arbeiten und sie in verschiedenen Dateiformaten speichern<a class=\"more-link\" href=\"https:\/\/www.edulearn.at\/wp\/?page_id=126\"><\/p>\n<div class=\"paraswift-btn continue-reading\">Read More<\/div>\n<p><\/a><\/p>\n","protected":false},"author":1,"featured_media":0,"parent":0,"menu_order":0,"comment_status":"closed","ping_status":"closed","template":"","meta":{"footnotes":""},"class_list":["post-126","page","type-page","status-publish","hentry"],"amp_enabled":true,"_links":{"self":[{"href":"https:\/\/www.edulearn.at\/wp\/index.php?rest_route=\/wp\/v2\/pages\/126","targetHints":{"allow":["GET"]}}],"collection":[{"href":"https:\/\/www.edulearn.at\/wp\/index.php?rest_route=\/wp\/v2\/pages"}],"about":[{"href":"https:\/\/www.edulearn.at\/wp\/index.php?rest_route=\/wp\/v2\/types\/page"}],"author":[{"embeddable":true,"href":"https:\/\/www.edulearn.at\/wp\/index.php?rest_route=\/wp\/v2\/users\/1"}],"replies":[{"embeddable":true,"href":"https:\/\/www.edulearn.at\/wp\/index.php?rest_route=%2Fwp%2Fv2%2Fcomments&post=126"}],"version-history":[{"count":36,"href":"https:\/\/www.edulearn.at\/wp\/index.php?rest_route=\/wp\/v2\/pages\/126\/revisions"}],"predecessor-version":[{"id":669,"href":"https:\/\/www.edulearn.at\/wp\/index.php?rest_route=\/wp\/v2\/pages\/126\/revisions\/669"}],"wp:attachment":[{"href":"https:\/\/www.edulearn.at\/wp\/index.php?rest_route=%2Fwp%2Fv2%2Fmedia&parent=126"}],"curies":[{"name":"wp","href":"https:\/\/api.w.org\/{rel}","templated":true}]}}