{"id":163,"date":"2016-07-24T07:49:35","date_gmt":"2016-07-24T05:49:35","guid":{"rendered":"http:\/\/www.edulearn.at\/wp\/?page_id=163"},"modified":"2016-09-04T09:58:45","modified_gmt":"2016-09-04T07:58:45","slug":"erweiterungen-fuer-google-chrome","status":"publish","type":"page","link":"https:\/\/www.edulearn.at\/wp\/?page_id=163","title":{"rendered":"Erweiterungen f\u00fcr Google Chrome"},"content":{"rendered":"<p>Erweiterungen f\u00fcr den Google Chrome lassen sich \u00fcber den <a href=\"https:\/\/chrome.google.com\/webstore\/category\/extensions?hl=de\" target=\"_blank\">Chrome Web Store<\/a> herunterladen und installieren.<\/p>\n<ul>\n<li><a href=\"https:\/\/chrome.google.com\/webstore\/detail\/adblock-plus\/cfhdojbkjhnklbpkdaibdccddilifddb?hl=de\" target=\"_blank\">Adblock Plus<\/a> blockiert erfolgreich Werbeeinblendungen<\/li>\n<li><a href=\"https:\/\/chrome.google.com\/webstore\/detail\/copy-as-plain-text-amazin\/mkkcgjeddgdnikkeoinjgbocghokolck?utm_source=chrome-app-launcher-info-dialog\" target=\"_blank\">Als reinen Text kopieren<\/a>, markierten Text ohne Formatierungen von Internetseiten kopieren<\/li>\n<li><a href=\"https:\/\/chrome.google.com\/webstore\/detail\/new-tab-redirect\/icpgjfneehieebagbmdbhnlpiopdcmna?utm_source=chrome-app-launcher-info-dialog\" target=\"_blank\">New Tab Redirect<\/a> legt die URL beim \u00d6ffnen eines neuen Tabs fest<\/li>\n<li><a href=\"https:\/\/chrome.google.com\/webstore\/detail\/googl-url-shortener\/iblijlcdoidgdpfknkckljiocdbnlagk?hl=de\" target=\"_blank\">goo.gl URL Shortener<\/a> k\u00fcrzt den aktuellen URL und erstellt den entsprechenden QR-Code<\/li>\n<li><a href=\"https:\/\/chrome.google.com\/webstore\/detail\/colorzilla\/bhlhnicpbhignbdhedgjhgdocnmhomnp\" target=\"_blank\">ColorZilla<\/a> nimmt den Farbwert eines Pixels einer Webseite auf und kopiert diesen im RGB- und HSV-Format<\/li>\n<li><a href=\"https:\/\/chrome.google.com\/webstore\/detail\/share-to-classroom\/adokjfanaflbkibffcbhihgihpgijcei\" target=\"_blank\">Mit Classroom teilen<\/a>, URLs k\u00f6nnen mit Teilnehmenden in Google Classroom-Kursen geteilt werden<\/li>\n<li><a href=\"https:\/\/chrome.google.com\/webstore\/detail\/google-docs-offline\/ghbmnnjooekpmoecnnnilnnbdlolhkhi\" target=\"_blank\">Google Docs Offline<\/a> erlaubt das offline bearbeiten von Google Dokumenten<\/li>\n<\/ul>\n","protected":false},"excerpt":{"rendered":"<p>Erweiterungen f\u00fcr den Google Chrome lassen sich \u00fcber den Chrome Web Store herunterladen und installieren. Adblock Plus blockiert erfolgreich Werbeeinblendungen Als reinen Text kopieren, markierten<a class=\"more-link\" href=\"https:\/\/www.edulearn.at\/wp\/?page_id=163\"><\/p>\n<div class=\"paraswift-btn continue-reading\">Read More<\/div>\n<p><\/a><\/p>\n","protected":false},"author":1,"featured_media":0,"parent":0,"menu_order":0,"comment_status":"closed","ping_status":"closed","template":"","meta":{"footnotes":""},"class_list":["post-163","page","type-page","status-publish","hentry"],"amp_enabled":true,"_links":{"self":[{"href":"https:\/\/www.edulearn.at\/wp\/index.php?rest_route=\/wp\/v2\/pages\/163","targetHints":{"allow":["GET"]}}],"collection":[{"href":"https:\/\/www.edulearn.at\/wp\/index.php?rest_route=\/wp\/v2\/pages"}],"about":[{"href":"https:\/\/www.edulearn.at\/wp\/index.php?rest_route=\/wp\/v2\/types\/page"}],"author":[{"embeddable":true,"href":"https:\/\/www.edulearn.at\/wp\/index.php?rest_route=\/wp\/v2\/users\/1"}],"replies":[{"embeddable":true,"href":"https:\/\/www.edulearn.at\/wp\/index.php?rest_route=%2Fwp%2Fv2%2Fcomments&post=163"}],"version-history":[{"count":8,"href":"https:\/\/www.edulearn.at\/wp\/index.php?rest_route=\/wp\/v2\/pages\/163\/revisions"}],"predecessor-version":[{"id":264,"href":"https:\/\/www.edulearn.at\/wp\/index.php?rest_route=\/wp\/v2\/pages\/163\/revisions\/264"}],"wp:attachment":[{"href":"https:\/\/www.edulearn.at\/wp\/index.php?rest_route=%2Fwp%2Fv2%2Fmedia&parent=163"}],"curies":[{"name":"wp","href":"https:\/\/api.w.org\/{rel}","templated":true}]}}