{"id":200,"date":"2016-08-10T15:27:18","date_gmt":"2016-08-10T13:27:18","guid":{"rendered":"http:\/\/www.edulearn.at\/wp\/?page_id=200"},"modified":"2017-01-05T10:50:24","modified_gmt":"2017-01-05T09:50:24","slug":"tabellenkalkulation","status":"publish","type":"page","link":"https:\/\/www.edulearn.at\/wp\/?page_id=200","title":{"rendered":"Tabellenkalkulation"},"content":{"rendered":"<h4><strong>ZIELE<\/strong> (aus den<a href=\"http:\/\/www.ecdl.at\/de\/downloads-ecdl\" target=\"_blank\"> ECDL Lernzielkatalogen<\/a> der <a href=\"https:\/\/www.ocg.at\/\" target=\"_blank\">OCG<\/a>)<\/h4>\n<p>Die Kandidatinnen und Kandidaten sollen<\/p>\n<ul>\n<li>mit Arbeitsmappen arbeiten und sie in verschiedenen Dateiformaten speichern k\u00f6nnen<\/li>\n<li>integrierte Funktionen zur Steigerung der Produktivit\u00e4t einsetzen k\u00f6nnen\n<pre><a href=\"https:\/\/youtu.be\/oM-iNsQLbYE\" target=\"_blank\">Tabelle exportieren - Screenshot<\/a><\/pre>\n<pre><a href=\"https:\/\/docs.google.com\/spreadsheets\/d\/1OqSX0w4bpwV7LwUvMK4BwjY6ss2UWrZgpZ9XRSwjLOo\/copy\" target=\"_blank\">Zellen finden - \u00dcbung<\/a><\/pre>\n<\/li>\n<li>Daten in Zellen eingeben und die bestm\u00f6gliche Vorgangsweise bei der Erstellung von Listen w\u00e4hlen k\u00f6nnen; Daten ausw\u00e4hlen, sortieren, kopieren, verschieben und l\u00f6schen k\u00f6nnen\n<pre><a href=\"https:\/\/docs.google.com\/spreadsheets\/d\/1mAc1px-qCwt8YuOBbO0LANGKeprAcCoESB8M05JPHao\/copy\" target=\"_blank\">Kopieren und Verschieben - \u00dcbung<\/a><\/pre>\n<pre><a href=\"https:\/\/youtu.be\/CkroVURUR28\" target=\"_blank\">Automatisches ausf\u00fcllen von Zellen - Schreencast<\/a><\/pre>\n<pre><a href=\"https:\/\/docs.google.com\/spreadsheets\/d\/1OKD8X_BSFzzwXN6UeN8MPpXZfF-SPJpN4jE_1_xKhBM\/copy\" target=\"_blank\">Automatisches ausf\u00fcllen von Zellen -\u00dcbung<\/a><\/pre>\n<pre><a href=\"https:\/\/docs.google.com\/spreadsheets\/d\/1ed8MpHKn6emALTc-lXNb0wtd6q72Ta9Y6Wgz8Tdo64Q\/copy\" target=\"_blank\">Summen bilden -\u00dcbung<\/a><\/pre>\n<pre><a href=\"https:\/\/docs.google.com\/spreadsheets\/d\/1mM0W-3lfJngXu-VbOLvJHLvEhllHyi0gRi5EOGLX6cc\/copy\" target=\"_blank\">Grundrechnungsarten in Formeln verwenden - \u00dcbung<\/a><\/pre>\n<\/li>\n<li>Zeilen und Spalten in einem Arbeitsblatt bearbeiten; Arbeitsbl\u00e4tter kopieren, verschieben, l\u00f6schen und passend umbenennen k\u00f6nnen<\/li>\n<li>mathematische und logische Formeln unter Verwendung der Standardfunktionen der Tabellenkalkulation erstellen k\u00f6nnen; die bestm\u00f6gliche Vorgangsweise bei der Erstellung von Formeln anwenden und Standardfehlermeldungen in Formeln erkennen<\/li>\n<li>Zahlen und Textinhalte in einer Arbeitsmappe formatieren k\u00f6nnen<\/li>\n<li>Diagramme ausw\u00e4hlen, erstellen und formatieren k\u00f6nnen, um die Informationen grafisch zu vermitteln<\/li>\n<li>Seiteneinrichtungen anpassen und den Inhalt der Arbeitsmappe vor dem endg\u00fcltigen Drucken kontrollieren und korrigieren<\/li>\n<\/ul>\n","protected":false},"excerpt":{"rendered":"<p>ZIELE (aus den ECDL Lernzielkatalogen der OCG) Die Kandidatinnen und Kandidaten sollen mit Arbeitsmappen arbeiten und sie in verschiedenen Dateiformaten speichern k\u00f6nnen integrierte Funktionen zur<a class=\"more-link\" href=\"https:\/\/www.edulearn.at\/wp\/?page_id=200\"><\/p>\n<div class=\"paraswift-btn continue-reading\">Read More<\/div>\n<p><\/a><\/p>\n","protected":false},"author":1,"featured_media":0,"parent":0,"menu_order":0,"comment_status":"closed","ping_status":"closed","template":"","meta":{"footnotes":""},"class_list":["post-200","page","type-page","status-publish","hentry"],"amp_enabled":true,"_links":{"self":[{"href":"https:\/\/www.edulearn.at\/wp\/index.php?rest_route=\/wp\/v2\/pages\/200","targetHints":{"allow":["GET"]}}],"collection":[{"href":"https:\/\/www.edulearn.at\/wp\/index.php?rest_route=\/wp\/v2\/pages"}],"about":[{"href":"https:\/\/www.edulearn.at\/wp\/index.php?rest_route=\/wp\/v2\/types\/page"}],"author":[{"embeddable":true,"href":"https:\/\/www.edulearn.at\/wp\/index.php?rest_route=\/wp\/v2\/users\/1"}],"replies":[{"embeddable":true,"href":"https:\/\/www.edulearn.at\/wp\/index.php?rest_route=%2Fwp%2Fv2%2Fcomments&post=200"}],"version-history":[{"count":17,"href":"https:\/\/www.edulearn.at\/wp\/index.php?rest_route=\/wp\/v2\/pages\/200\/revisions"}],"predecessor-version":[{"id":301,"href":"https:\/\/www.edulearn.at\/wp\/index.php?rest_route=\/wp\/v2\/pages\/200\/revisions\/301"}],"wp:attachment":[{"href":"https:\/\/www.edulearn.at\/wp\/index.php?rest_route=%2Fwp%2Fv2%2Fmedia&parent=200"}],"curies":[{"name":"wp","href":"https:\/\/api.w.org\/{rel}","templated":true}]}}